{"id":823,"date":"2024-11-17T16:39:19","date_gmt":"2024-11-17T20:39:19","guid":{"rendered":"https:\/\/www.bigbrightsun.com\/?page_id=823"},"modified":"2025-05-14T17:11:49","modified_gmt":"2025-05-14T20:11:49","slug":"pme","status":"publish","type":"page","link":"https:\/\/www.bigbrightsun.com\/fr\/nous-joindre\/pme\/","title":{"rendered":"PME"},"content":{"rendered":"","protected":false},"excerpt":{"rendered":"<p>Qu'il s'agisse d'un simple site pour \u00e9tablir votre pr\u00e9sence ou d'une plateforme pour d\u00e9velopper votre activit\u00e9, nous sommes l\u00e0 pour cr\u00e9er une solution adapt\u00e9e \u00e0 vos besoins et \u00e0 votre budget.<\/p>\n","protected":false},"author":1,"featured_media":1273,"parent":809,"menu_order":0,"comment_status":"closed","ping_status":"closed","template":"","meta":{"footnotes":""},"class_list":["post-823","page","type-page","status-publish","has-post-thumbnail","hentry"],"yoast_head":"<!-- This site is optimized with the Yoast SEO plugin v27.5 - https:\/\/yoast.com\/product\/yoast-seo-wordpress\/ -->\n<title>PME - Big Bright Sun Communications<\/title>\n<meta name=\"robots\" content=\"noindex, follow\" \/>\n<meta property=\"og:locale\" content=\"fr_FR\" \/>\n<meta property=\"og:type\" content=\"article\" \/>\n<meta property=\"og:title\" content=\"PME - Big Bright Sun Communications\" \/>\n<meta property=\"og:description\" content=\"Qu&#039;il s&#039;agisse d&#039;un simple site pour \u00e9tablir votre pr\u00e9sence ou d&#039;une plateforme pour d\u00e9velopper votre activit\u00e9, nous sommes l\u00e0 pour cr\u00e9er une solution adapt\u00e9e \u00e0 vos besoins et \u00e0 votre budget.\" \/>\n<meta property=\"og:url\" content=\"https:\/\/www.bigbrightsun.com\/fr\/nous-joindre\/pme\/\" \/>\n<meta property=\"og:site_name\" content=\"Big Bright Sun Communications\" \/>\n<meta property=\"article:modified_time\" content=\"2025-05-14T20:11:49+00:00\" \/>\n<meta property=\"og:image\" content=\"https:\/\/www.bigbrightsun.com\/wp-content\/uploads\/2025\/04\/thisisengineering-TXxiFuQLBKQ-unsplash.jpg\" \/>\n\t<meta property=\"og:image:width\" content=\"1920\" \/>\n\t<meta property=\"og:image:height\" content=\"1281\" \/>\n\t<meta property=\"og:image:type\" content=\"image\/jpeg\" \/>\n<meta name=\"twitter:card\" content=\"summary_large_image\" \/>\n<meta name=\"twitter:label1\" content=\"Dur\u00e9e de lecture estim\u00e9e\" \/>\n\t<meta name=\"twitter:data1\" content=\"1 minute\" \/>\n<script type=\"application\/ld+json\" class=\"yoast-schema-graph\">{\"@context\":\"https:\\\/\\\/schema.org\",\"@graph\":[{\"@type\":\"WebPage\",\"@id\":\"https:\\\/\\\/www.bigbrightsun.com\\\/fr\\\/nous-joindre\\\/pme\\\/\",\"url\":\"https:\\\/\\\/www.bigbrightsun.com\\\/fr\\\/nous-joindre\\\/pme\\\/\",\"name\":\"PME - Big Bright Sun Communications\",\"isPartOf\":{\"@id\":\"https:\\\/\\\/www.bigbrightsun.com\\\/fr\\\/#website\"},\"primaryImageOfPage\":{\"@id\":\"https:\\\/\\\/www.bigbrightsun.com\\\/fr\\\/nous-joindre\\\/pme\\\/#primaryimage\"},\"image\":{\"@id\":\"https:\\\/\\\/www.bigbrightsun.com\\\/fr\\\/nous-joindre\\\/pme\\\/#primaryimage\"},\"thumbnailUrl\":\"https:\\\/\\\/www.bigbrightsun.com\\\/wp-content\\\/uploads\\\/2025\\\/04\\\/thisisengineering-TXxiFuQLBKQ-unsplash.jpg\",\"datePublished\":\"2024-11-17T20:39:19+00:00\",\"dateModified\":\"2025-05-14T20:11:49+00:00\",\"breadcrumb\":{\"@id\":\"https:\\\/\\\/www.bigbrightsun.com\\\/fr\\\/nous-joindre\\\/pme\\\/#breadcrumb\"},\"inLanguage\":\"fr-FR\",\"potentialAction\":[{\"@type\":\"ReadAction\",\"target\":[\"https:\\\/\\\/www.bigbrightsun.com\\\/fr\\\/nous-joindre\\\/pme\\\/\"]}]},{\"@type\":\"ImageObject\",\"inLanguage\":\"fr-FR\",\"@id\":\"https:\\\/\\\/www.bigbrightsun.com\\\/fr\\\/nous-joindre\\\/pme\\\/#primaryimage\",\"url\":\"https:\\\/\\\/www.bigbrightsun.com\\\/wp-content\\\/uploads\\\/2025\\\/04\\\/thisisengineering-TXxiFuQLBKQ-unsplash.jpg\",\"contentUrl\":\"https:\\\/\\\/www.bigbrightsun.com\\\/wp-content\\\/uploads\\\/2025\\\/04\\\/thisisengineering-TXxiFuQLBKQ-unsplash.jpg\",\"width\":1920,\"height\":1281},{\"@type\":\"BreadcrumbList\",\"@id\":\"https:\\\/\\\/www.bigbrightsun.com\\\/fr\\\/nous-joindre\\\/pme\\\/#breadcrumb\",\"itemListElement\":[{\"@type\":\"ListItem\",\"position\":1,\"name\":\"Home\",\"item\":\"https:\\\/\\\/www.bigbrightsun.com\\\/fr\\\/\"},{\"@type\":\"ListItem\",\"position\":2,\"name\":\"Nous joindre\",\"item\":\"https:\\\/\\\/www.bigbrightsun.com\\\/fr\\\/nous-joindre\\\/\"},{\"@type\":\"ListItem\",\"position\":3,\"name\":\"PME\"}]},{\"@type\":\"WebSite\",\"@id\":\"https:\\\/\\\/www.bigbrightsun.com\\\/fr\\\/#website\",\"url\":\"https:\\\/\\\/www.bigbrightsun.com\\\/fr\\\/\",\"name\":\"Big Bright Sun Communications\",\"description\":\"\",\"publisher\":{\"@id\":\"https:\\\/\\\/www.bigbrightsun.com\\\/fr\\\/#organization\"},\"potentialAction\":[{\"@type\":\"SearchAction\",\"target\":{\"@type\":\"EntryPoint\",\"urlTemplate\":\"https:\\\/\\\/www.bigbrightsun.com\\\/fr\\\/?s={search_term_string}\"},\"query-input\":{\"@type\":\"PropertyValueSpecification\",\"valueRequired\":true,\"valueName\":\"search_term_string\"}}],\"inLanguage\":\"fr-FR\"},{\"@type\":\"Organization\",\"@id\":\"https:\\\/\\\/www.bigbrightsun.com\\\/fr\\\/#organization\",\"name\":\"Big Bright Sun Communications\",\"url\":\"https:\\\/\\\/www.bigbrightsun.com\\\/fr\\\/\",\"logo\":{\"@type\":\"ImageObject\",\"inLanguage\":\"fr-FR\",\"@id\":\"https:\\\/\\\/www.bigbrightsun.com\\\/fr\\\/#\\\/schema\\\/logo\\\/image\\\/\",\"url\":\"https:\\\/\\\/www.bigbrightsun.com\\\/wp-content\\\/uploads\\\/2025\\\/06\\\/bbs-logo.png\",\"contentUrl\":\"https:\\\/\\\/www.bigbrightsun.com\\\/wp-content\\\/uploads\\\/2025\\\/06\\\/bbs-logo.png\",\"width\":675,\"height\":675,\"caption\":\"Big Bright Sun Communications\"},\"image\":{\"@id\":\"https:\\\/\\\/www.bigbrightsun.com\\\/fr\\\/#\\\/schema\\\/logo\\\/image\\\/\"},\"sameAs\":[\"https:\\\/\\\/www.linkedin.com\\\/company\\\/big-bright-sun-communications\"],\"address\":\"CP 311, Moncton, NB E1C 8L4 Canada\",\"email\":\"info@bigbrightsun.com\",\"telephone\":\"1 (877) 224-0877\"}]}<\/script>\n<!-- \/ Yoast SEO plugin. -->","yoast_head_json":{"title":"PME - Big Bright Sun Communications","robots":{"index":"noindex","follow":"follow"},"og_locale":"fr_FR","og_type":"article","og_title":"PME - Big Bright Sun Communications","og_description":"Qu'il s'agisse d'un simple site pour \u00e9tablir votre pr\u00e9sence ou d'une plateforme pour d\u00e9velopper votre activit\u00e9, nous sommes l\u00e0 pour cr\u00e9er une solution adapt\u00e9e \u00e0 vos besoins et \u00e0 votre budget.","og_url":"https:\/\/www.bigbrightsun.com\/fr\/nous-joindre\/pme\/","og_site_name":"Big Bright Sun Communications","article_modified_time":"2025-05-14T20:11:49+00:00","og_image":[{"width":1920,"height":1281,"url":"https:\/\/www.bigbrightsun.com\/wp-content\/uploads\/2025\/04\/thisisengineering-TXxiFuQLBKQ-unsplash.jpg","type":"image\/jpeg"}],"twitter_card":"summary_large_image","twitter_misc":{"Dur\u00e9e de lecture estim\u00e9e":"1 minute"},"schema":{"@context":"https:\/\/schema.org","@graph":[{"@type":"WebPage","@id":"https:\/\/www.bigbrightsun.com\/fr\/nous-joindre\/pme\/","url":"https:\/\/www.bigbrightsun.com\/fr\/nous-joindre\/pme\/","name":"PME - Big Bright Sun Communications","isPartOf":{"@id":"https:\/\/www.bigbrightsun.com\/fr\/#website"},"primaryImageOfPage":{"@id":"https:\/\/www.bigbrightsun.com\/fr\/nous-joindre\/pme\/#primaryimage"},"image":{"@id":"https:\/\/www.bigbrightsun.com\/fr\/nous-joindre\/pme\/#primaryimage"},"thumbnailUrl":"https:\/\/www.bigbrightsun.com\/wp-content\/uploads\/2025\/04\/thisisengineering-TXxiFuQLBKQ-unsplash.jpg","datePublished":"2024-11-17T20:39:19+00:00","dateModified":"2025-05-14T20:11:49+00:00","breadcrumb":{"@id":"https:\/\/www.bigbrightsun.com\/fr\/nous-joindre\/pme\/#breadcrumb"},"inLanguage":"fr-FR","potentialAction":[{"@type":"ReadAction","target":["https:\/\/www.bigbrightsun.com\/fr\/nous-joindre\/pme\/"]}]},{"@type":"ImageObject","inLanguage":"fr-FR","@id":"https:\/\/www.bigbrightsun.com\/fr\/nous-joindre\/pme\/#primaryimage","url":"https:\/\/www.bigbrightsun.com\/wp-content\/uploads\/2025\/04\/thisisengineering-TXxiFuQLBKQ-unsplash.jpg","contentUrl":"https:\/\/www.bigbrightsun.com\/wp-content\/uploads\/2025\/04\/thisisengineering-TXxiFuQLBKQ-unsplash.jpg","width":1920,"height":1281},{"@type":"BreadcrumbList","@id":"https:\/\/www.bigbrightsun.com\/fr\/nous-joindre\/pme\/#breadcrumb","itemListElement":[{"@type":"ListItem","position":1,"name":"Home","item":"https:\/\/www.bigbrightsun.com\/fr\/"},{"@type":"ListItem","position":2,"name":"Nous joindre","item":"https:\/\/www.bigbrightsun.com\/fr\/nous-joindre\/"},{"@type":"ListItem","position":3,"name":"PME"}]},{"@type":"WebSite","@id":"https:\/\/www.bigbrightsun.com\/fr\/#website","url":"https:\/\/www.bigbrightsun.com\/fr\/","name":"Big Bright Sun Communications","description":"","publisher":{"@id":"https:\/\/www.bigbrightsun.com\/fr\/#organization"},"potentialAction":[{"@type":"SearchAction","target":{"@type":"EntryPoint","urlTemplate":"https:\/\/www.bigbrightsun.com\/fr\/?s={search_term_string}"},"query-input":{"@type":"PropertyValueSpecification","valueRequired":true,"valueName":"search_term_string"}}],"inLanguage":"fr-FR"},{"@type":"Organization","@id":"https:\/\/www.bigbrightsun.com\/fr\/#organization","name":"Big Bright Sun Communications","url":"https:\/\/www.bigbrightsun.com\/fr\/","logo":{"@type":"ImageObject","inLanguage":"fr-FR","@id":"https:\/\/www.bigbrightsun.com\/fr\/#\/schema\/logo\/image\/","url":"https:\/\/www.bigbrightsun.com\/wp-content\/uploads\/2025\/06\/bbs-logo.png","contentUrl":"https:\/\/www.bigbrightsun.com\/wp-content\/uploads\/2025\/06\/bbs-logo.png","width":675,"height":675,"caption":"Big Bright Sun Communications"},"image":{"@id":"https:\/\/www.bigbrightsun.com\/fr\/#\/schema\/logo\/image\/"},"sameAs":["https:\/\/www.linkedin.com\/company\/big-bright-sun-communications"],"address":"CP 311, Moncton, NB E1C 8L4 Canada","email":"info@bigbrightsun.com","telephone":"1 (877) 224-0877"}]}},"_links":{"self":[{"href":"https:\/\/www.bigbrightsun.com\/fr\/wp-json\/wp\/v2\/pages\/823","targetHints":{"allow":["GET"]}}],"collection":[{"href":"https:\/\/www.bigbrightsun.com\/fr\/wp-json\/wp\/v2\/pages"}],"about":[{"href":"https:\/\/www.bigbrightsun.com\/fr\/wp-json\/wp\/v2\/types\/page"}],"author":[{"embeddable":true,"href":"https:\/\/www.bigbrightsun.com\/fr\/wp-json\/wp\/v2\/users\/1"}],"replies":[{"embeddable":true,"href":"https:\/\/www.bigbrightsun.com\/fr\/wp-json\/wp\/v2\/comments?post=823"}],"version-history":[{"count":2,"href":"https:\/\/www.bigbrightsun.com\/fr\/wp-json\/wp\/v2\/pages\/823\/revisions"}],"predecessor-version":[{"id":1110,"href":"https:\/\/www.bigbrightsun.com\/fr\/wp-json\/wp\/v2\/pages\/823\/revisions\/1110"}],"up":[{"embeddable":true,"href":"https:\/\/www.bigbrightsun.com\/fr\/wp-json\/wp\/v2\/pages\/809"}],"wp:featuredmedia":[{"embeddable":true,"href":"https:\/\/www.bigbrightsun.com\/fr\/wp-json\/wp\/v2\/media\/1273"}],"wp:attachment":[{"href":"https:\/\/www.bigbrightsun.com\/fr\/wp-json\/wp\/v2\/media?parent=823"}],"curies":[{"name":"wp","href":"https:\/\/api.w.org\/{rel}","templated":true}]}}