{"id":811,"date":"2024-12-20T15:36:40","date_gmt":"2024-12-20T19:36:40","guid":{"rendered":"https:\/\/www.bigbrightsun.com\/?page_id=811"},"modified":"2025-05-31T11:03:01","modified_gmt":"2025-05-31T14:03:01","slug":"demandes-de-renseignements-dagences","status":"publish","type":"page","link":"https:\/\/www.bigbrightsun.com\/fr\/nous-joindre\/demandes-de-renseignements-dagences\/","title":{"rendered":"Demandes de renseignements d'agences"},"content":{"rendered":"","protected":false},"excerpt":{"rendered":"<p>Que vous ayez besoin d'une expertise en mati\u00e8re de conception, d'un soutien strat\u00e9gique, de la cr\u00e9ation de contenu ou de la programmation web, nous sommes l\u00e0 pour collaborer en tant qu'extension de votre \u00e9quipe.<\/p>\n","protected":false},"author":1,"featured_media":1253,"parent":809,"menu_order":0,"comment_status":"closed","ping_status":"closed","template":"","meta":{"footnotes":""},"class_list":["post-811","page","type-page","status-publish","has-post-thumbnail","hentry"],"yoast_head":"<!-- This site is optimized with the Yoast SEO plugin v27.5 - https:\/\/yoast.com\/product\/yoast-seo-wordpress\/ -->\n<title>Demandes de renseignements d&#039;agences - Big Bright Sun Communications<\/title>\n<meta name=\"robots\" content=\"noindex, follow\" \/>\n<meta property=\"og:locale\" content=\"fr_FR\" \/>\n<meta property=\"og:type\" content=\"article\" \/>\n<meta property=\"og:title\" content=\"Demandes de renseignements d&#039;agences - Big Bright Sun Communications\" \/>\n<meta property=\"og:description\" content=\"Que vous ayez besoin d&#039;une expertise en mati\u00e8re de conception, d&#039;un soutien strat\u00e9gique, de la cr\u00e9ation de contenu ou de la programmation web, nous sommes l\u00e0 pour collaborer en tant qu&#039;extension de votre \u00e9quipe.\" \/>\n<meta property=\"og:url\" content=\"https:\/\/www.bigbrightsun.com\/fr\/nous-joindre\/demandes-de-renseignements-dagences\/\" \/>\n<meta property=\"og:site_name\" content=\"Big Bright Sun Communications\" \/>\n<meta property=\"article:modified_time\" content=\"2025-05-31T14:03:01+00:00\" \/>\n<meta property=\"og:image\" content=\"https:\/\/www.bigbrightsun.com\/wp-content\/uploads\/2025\/04\/redmind-studio-DZkYOtfxEvU-unsplash.jpg\" \/>\n\t<meta property=\"og:image:width\" content=\"1920\" \/>\n\t<meta property=\"og:image:height\" content=\"1280\" \/>\n\t<meta property=\"og:image:type\" content=\"image\/jpeg\" \/>\n<meta name=\"twitter:card\" content=\"summary_large_image\" \/>\n<meta name=\"twitter:label1\" content=\"Dur\u00e9e de lecture estim\u00e9e\" \/>\n\t<meta name=\"twitter:data1\" content=\"1 minute\" \/>\n<script type=\"application\/ld+json\" class=\"yoast-schema-graph\">{\"@context\":\"https:\\\/\\\/schema.org\",\"@graph\":[{\"@type\":\"WebPage\",\"@id\":\"https:\\\/\\\/www.bigbrightsun.com\\\/fr\\\/nous-joindre\\\/demandes-de-renseignements-dagences\\\/\",\"url\":\"https:\\\/\\\/www.bigbrightsun.com\\\/fr\\\/nous-joindre\\\/demandes-de-renseignements-dagences\\\/\",\"name\":\"Demandes de renseignements d'agences - Big Bright Sun Communications\",\"isPartOf\":{\"@id\":\"https:\\\/\\\/www.bigbrightsun.com\\\/fr\\\/#website\"},\"primaryImageOfPage\":{\"@id\":\"https:\\\/\\\/www.bigbrightsun.com\\\/fr\\\/nous-joindre\\\/demandes-de-renseignements-dagences\\\/#primaryimage\"},\"image\":{\"@id\":\"https:\\\/\\\/www.bigbrightsun.com\\\/fr\\\/nous-joindre\\\/demandes-de-renseignements-dagences\\\/#primaryimage\"},\"thumbnailUrl\":\"https:\\\/\\\/www.bigbrightsun.com\\\/wp-content\\\/uploads\\\/2025\\\/04\\\/redmind-studio-DZkYOtfxEvU-unsplash.jpg\",\"datePublished\":\"2024-12-20T19:36:40+00:00\",\"dateModified\":\"2025-05-31T14:03:01+00:00\",\"breadcrumb\":{\"@id\":\"https:\\\/\\\/www.bigbrightsun.com\\\/fr\\\/nous-joindre\\\/demandes-de-renseignements-dagences\\\/#breadcrumb\"},\"inLanguage\":\"fr-FR\",\"potentialAction\":[{\"@type\":\"ReadAction\",\"target\":[\"https:\\\/\\\/www.bigbrightsun.com\\\/fr\\\/nous-joindre\\\/demandes-de-renseignements-dagences\\\/\"]}]},{\"@type\":\"ImageObject\",\"inLanguage\":\"fr-FR\",\"@id\":\"https:\\\/\\\/www.bigbrightsun.com\\\/fr\\\/nous-joindre\\\/demandes-de-renseignements-dagences\\\/#primaryimage\",\"url\":\"https:\\\/\\\/www.bigbrightsun.com\\\/wp-content\\\/uploads\\\/2025\\\/04\\\/redmind-studio-DZkYOtfxEvU-unsplash.jpg\",\"contentUrl\":\"https:\\\/\\\/www.bigbrightsun.com\\\/wp-content\\\/uploads\\\/2025\\\/04\\\/redmind-studio-DZkYOtfxEvU-unsplash.jpg\",\"width\":1920,\"height\":1280},{\"@type\":\"BreadcrumbList\",\"@id\":\"https:\\\/\\\/www.bigbrightsun.com\\\/fr\\\/nous-joindre\\\/demandes-de-renseignements-dagences\\\/#breadcrumb\",\"itemListElement\":[{\"@type\":\"ListItem\",\"position\":1,\"name\":\"Home\",\"item\":\"https:\\\/\\\/www.bigbrightsun.com\\\/fr\\\/\"},{\"@type\":\"ListItem\",\"position\":2,\"name\":\"Nous joindre\",\"item\":\"https:\\\/\\\/www.bigbrightsun.com\\\/fr\\\/nous-joindre\\\/\"},{\"@type\":\"ListItem\",\"position\":3,\"name\":\"Demandes de renseignements d'agences\"}]},{\"@type\":\"WebSite\",\"@id\":\"https:\\\/\\\/www.bigbrightsun.com\\\/fr\\\/#website\",\"url\":\"https:\\\/\\\/www.bigbrightsun.com\\\/fr\\\/\",\"name\":\"Big Bright Sun Communications\",\"description\":\"\",\"publisher\":{\"@id\":\"https:\\\/\\\/www.bigbrightsun.com\\\/fr\\\/#organization\"},\"potentialAction\":[{\"@type\":\"SearchAction\",\"target\":{\"@type\":\"EntryPoint\",\"urlTemplate\":\"https:\\\/\\\/www.bigbrightsun.com\\\/fr\\\/?s={search_term_string}\"},\"query-input\":{\"@type\":\"PropertyValueSpecification\",\"valueRequired\":true,\"valueName\":\"search_term_string\"}}],\"inLanguage\":\"fr-FR\"},{\"@type\":\"Organization\",\"@id\":\"https:\\\/\\\/www.bigbrightsun.com\\\/fr\\\/#organization\",\"name\":\"Big Bright Sun Communications\",\"url\":\"https:\\\/\\\/www.bigbrightsun.com\\\/fr\\\/\",\"logo\":{\"@type\":\"ImageObject\",\"inLanguage\":\"fr-FR\",\"@id\":\"https:\\\/\\\/www.bigbrightsun.com\\\/fr\\\/#\\\/schema\\\/logo\\\/image\\\/\",\"url\":\"https:\\\/\\\/www.bigbrightsun.com\\\/wp-content\\\/uploads\\\/2025\\\/06\\\/bbs-logo.png\",\"contentUrl\":\"https:\\\/\\\/www.bigbrightsun.com\\\/wp-content\\\/uploads\\\/2025\\\/06\\\/bbs-logo.png\",\"width\":675,\"height\":675,\"caption\":\"Big Bright Sun Communications\"},\"image\":{\"@id\":\"https:\\\/\\\/www.bigbrightsun.com\\\/fr\\\/#\\\/schema\\\/logo\\\/image\\\/\"},\"sameAs\":[\"https:\\\/\\\/www.linkedin.com\\\/company\\\/big-bright-sun-communications\"],\"address\":\"CP 311, Moncton, NB E1C 8L4 Canada\",\"email\":\"info@bigbrightsun.com\",\"telephone\":\"1 (877) 224-0877\"}]}<\/script>\n<!-- \/ Yoast SEO plugin. -->","yoast_head_json":{"title":"Demandes de renseignements d'agences - Big Bright Sun Communications","robots":{"index":"noindex","follow":"follow"},"og_locale":"fr_FR","og_type":"article","og_title":"Demandes de renseignements d'agences - Big Bright Sun Communications","og_description":"Que vous ayez besoin d'une expertise en mati\u00e8re de conception, d'un soutien strat\u00e9gique, de la cr\u00e9ation de contenu ou de la programmation web, nous sommes l\u00e0 pour collaborer en tant qu'extension de votre \u00e9quipe.","og_url":"https:\/\/www.bigbrightsun.com\/fr\/nous-joindre\/demandes-de-renseignements-dagences\/","og_site_name":"Big Bright Sun Communications","article_modified_time":"2025-05-31T14:03:01+00:00","og_image":[{"width":1920,"height":1280,"url":"https:\/\/www.bigbrightsun.com\/wp-content\/uploads\/2025\/04\/redmind-studio-DZkYOtfxEvU-unsplash.jpg","type":"image\/jpeg"}],"twitter_card":"summary_large_image","twitter_misc":{"Dur\u00e9e de lecture estim\u00e9e":"1 minute"},"schema":{"@context":"https:\/\/schema.org","@graph":[{"@type":"WebPage","@id":"https:\/\/www.bigbrightsun.com\/fr\/nous-joindre\/demandes-de-renseignements-dagences\/","url":"https:\/\/www.bigbrightsun.com\/fr\/nous-joindre\/demandes-de-renseignements-dagences\/","name":"Demandes de renseignements d'agences - Big Bright Sun Communications","isPartOf":{"@id":"https:\/\/www.bigbrightsun.com\/fr\/#website"},"primaryImageOfPage":{"@id":"https:\/\/www.bigbrightsun.com\/fr\/nous-joindre\/demandes-de-renseignements-dagences\/#primaryimage"},"image":{"@id":"https:\/\/www.bigbrightsun.com\/fr\/nous-joindre\/demandes-de-renseignements-dagences\/#primaryimage"},"thumbnailUrl":"https:\/\/www.bigbrightsun.com\/wp-content\/uploads\/2025\/04\/redmind-studio-DZkYOtfxEvU-unsplash.jpg","datePublished":"2024-12-20T19:36:40+00:00","dateModified":"2025-05-31T14:03:01+00:00","breadcrumb":{"@id":"https:\/\/www.bigbrightsun.com\/fr\/nous-joindre\/demandes-de-renseignements-dagences\/#breadcrumb"},"inLanguage":"fr-FR","potentialAction":[{"@type":"ReadAction","target":["https:\/\/www.bigbrightsun.com\/fr\/nous-joindre\/demandes-de-renseignements-dagences\/"]}]},{"@type":"ImageObject","inLanguage":"fr-FR","@id":"https:\/\/www.bigbrightsun.com\/fr\/nous-joindre\/demandes-de-renseignements-dagences\/#primaryimage","url":"https:\/\/www.bigbrightsun.com\/wp-content\/uploads\/2025\/04\/redmind-studio-DZkYOtfxEvU-unsplash.jpg","contentUrl":"https:\/\/www.bigbrightsun.com\/wp-content\/uploads\/2025\/04\/redmind-studio-DZkYOtfxEvU-unsplash.jpg","width":1920,"height":1280},{"@type":"BreadcrumbList","@id":"https:\/\/www.bigbrightsun.com\/fr\/nous-joindre\/demandes-de-renseignements-dagences\/#breadcrumb","itemListElement":[{"@type":"ListItem","position":1,"name":"Home","item":"https:\/\/www.bigbrightsun.com\/fr\/"},{"@type":"ListItem","position":2,"name":"Nous joindre","item":"https:\/\/www.bigbrightsun.com\/fr\/nous-joindre\/"},{"@type":"ListItem","position":3,"name":"Demandes de renseignements d'agences"}]},{"@type":"WebSite","@id":"https:\/\/www.bigbrightsun.com\/fr\/#website","url":"https:\/\/www.bigbrightsun.com\/fr\/","name":"Big Bright Sun Communications","description":"","publisher":{"@id":"https:\/\/www.bigbrightsun.com\/fr\/#organization"},"potentialAction":[{"@type":"SearchAction","target":{"@type":"EntryPoint","urlTemplate":"https:\/\/www.bigbrightsun.com\/fr\/?s={search_term_string}"},"query-input":{"@type":"PropertyValueSpecification","valueRequired":true,"valueName":"search_term_string"}}],"inLanguage":"fr-FR"},{"@type":"Organization","@id":"https:\/\/www.bigbrightsun.com\/fr\/#organization","name":"Big Bright Sun Communications","url":"https:\/\/www.bigbrightsun.com\/fr\/","logo":{"@type":"ImageObject","inLanguage":"fr-FR","@id":"https:\/\/www.bigbrightsun.com\/fr\/#\/schema\/logo\/image\/","url":"https:\/\/www.bigbrightsun.com\/wp-content\/uploads\/2025\/06\/bbs-logo.png","contentUrl":"https:\/\/www.bigbrightsun.com\/wp-content\/uploads\/2025\/06\/bbs-logo.png","width":675,"height":675,"caption":"Big Bright Sun Communications"},"image":{"@id":"https:\/\/www.bigbrightsun.com\/fr\/#\/schema\/logo\/image\/"},"sameAs":["https:\/\/www.linkedin.com\/company\/big-bright-sun-communications"],"address":"CP 311, Moncton, NB E1C 8L4 Canada","email":"info@bigbrightsun.com","telephone":"1 (877) 224-0877"}]}},"_links":{"self":[{"href":"https:\/\/www.bigbrightsun.com\/fr\/wp-json\/wp\/v2\/pages\/811","targetHints":{"allow":["GET"]}}],"collection":[{"href":"https:\/\/www.bigbrightsun.com\/fr\/wp-json\/wp\/v2\/pages"}],"about":[{"href":"https:\/\/www.bigbrightsun.com\/fr\/wp-json\/wp\/v2\/types\/page"}],"author":[{"embeddable":true,"href":"https:\/\/www.bigbrightsun.com\/fr\/wp-json\/wp\/v2\/users\/1"}],"replies":[{"embeddable":true,"href":"https:\/\/www.bigbrightsun.com\/fr\/wp-json\/wp\/v2\/comments?post=811"}],"version-history":[{"count":3,"href":"https:\/\/www.bigbrightsun.com\/fr\/wp-json\/wp\/v2\/pages\/811\/revisions"}],"predecessor-version":[{"id":1533,"href":"https:\/\/www.bigbrightsun.com\/fr\/wp-json\/wp\/v2\/pages\/811\/revisions\/1533"}],"up":[{"embeddable":true,"href":"https:\/\/www.bigbrightsun.com\/fr\/wp-json\/wp\/v2\/pages\/809"}],"wp:featuredmedia":[{"embeddable":true,"href":"https:\/\/www.bigbrightsun.com\/fr\/wp-json\/wp\/v2\/media\/1253"}],"wp:attachment":[{"href":"https:\/\/www.bigbrightsun.com\/fr\/wp-json\/wp\/v2\/media?parent=811"}],"curies":[{"name":"wp","href":"https:\/\/api.w.org\/{rel}","templated":true}]}}